{"id":11,"date":"2019-01-03T18:00:20","date_gmt":"2019-01-03T18:00:20","guid":{"rendered":"http:\/\/voelkischer-schwarzmetall.de\/?page_id=11"},"modified":"2025-02-18T19:55:19","modified_gmt":"2025-02-18T19:55:19","slug":"news","status":"publish","type":"page","link":"https:\/\/voelkischer-schwarzmetall.de\/?page_id=11","title":{"rendered":"News"},"content":{"rendered":"\n<h2 class=\"wp-block-heading\"><\/h2>\n\n\n\n<p class=\"has-small-font-size\"><\/p>\n\n\n<p><!--StartFragment--><\/p>\n\n\n<p><strong>Montag, 18.02.2025<\/strong><\/p>\n\n\n\n<p class=\"has-small-font-size\">[Deutsch] Neu eingetroffen. Nordglanz Leder Aufn\u00e4her in der Gr\u00f6\u00dfe 18x9cm. Erh\u00e4ltlich f\u00fcr 15\u20ac inklusive Porto und Aufkleber bei <a href=\"mailto:nordglanz1488@web.de\">nordglanz1488@web.de<\/a><\/p>\n\n\n\n<p class=\"has-small-font-size\">[Englisch] Arrived new again! The Nordglanz leather patch. Size 18x9cm. For now the last Edition. Available for 15\u20ac including postage and sticker at\u00a0<a href=\"mailto:nordglanz1488@web.de\">nordglanz1488@web.de<\/a><\/p>\n\n\n\n<p><strong>Montag, 11.11.2024<\/strong><\/p>\n\n\n\n<p class=\"has-small-font-size\">[Deutsch] &#8222;Verdorrte Dornen stechen noch&#8220; ist nun auch als Doppel LP in verschiedenen Farben beim <a href=\"https:\/\/daszeughaus.com\/\">Zeughaus Versand<\/a> erh\u00e4ltlich.<\/p>\n\n\n\n<p class=\"has-small-font-size\">[Englisch] &#8222;Verdorrte Dornen stechen noch&#8220; is available as a Double LP. You can order it at <a href=\"https:\/\/daszeughaus.com\/\">Zeughaus Shop<\/a>. <\/p>\n\n\n\n<p><strong>Mittwoch, 27.12.2023<\/strong><\/p>\n\n\n\n<p class=\"has-small-font-size\"> [Deutsch] Eine Menge neue Nachrichten warten auf Euch!!!! Unser brandneues Album &#8222;Verdorrte Dornen stechen noch&#8220; ist seit geraumer Zeit verf\u00fcgbar. Ihr k\u00f6nnt diese beim <a href=\"https:\/\/daszeughaus.com\/\">Zeughaus Versand<\/a> k\u00e4uflich erwerben. Weiterhin gibts noch ein neues Shirt.<\/p>\n\n\n\n<p class=\"has-small-font-size\"> [Englisch] A lot of News awaing you guys!!!! Our new Album &#8222;Verdorrte Dornen stechen noch&#8220; is available since a couple of days. You can order it at <a href=\"https:\/\/daszeughaus.com\/\">Zeughaus Shop<\/a>. Furthermore there is also a new Shirt available.<\/p>\n\n\n<p><!--EndFragment--><\/p>\n\n\n<p><strong>Sonntag, 18.07.2021<\/strong><\/p>\n\n\n\n<p class=\"has-small-font-size\"> [Deutsch] Eine Menge neue Nachrichten warten auf Euch!!!! Es ist eine neue LP unseres Albums &#8222;Heldenreich&#8220; verf\u00fcgbar. Ihr k\u00f6nnt diese beim <a href=\"https:\/\/daszeughaus.com\/\">Zeughaus Versand<\/a> k\u00e4uflich erwerben. Weiterhin haben wir die Corona Zwangspausen genutzt und haben zum Lied &#8222;V\u00f6lkischer Schwarzmetall&#8220; ein Video gedreht. Seht es euch gleich an bei <a href=\"https:\/\/www.youtube.com\/watch?v=_JPCNzOsnbc\">Youtube<\/a>.<\/p>\n\n\n\n<p class=\"has-small-font-size\"> [Englisch] A lot of News awaing you guys!!!! There is a new LP available of our Album &#8222;Heldenreich&#8220;. You can order it at <a href=\"https:\/\/daszeughaus.com\/\">Zeughaus Shop<\/a>. Furthermore we produced a new Video of our Song &#8222;V\u00f6lkischer Schwarzmetall&#8220;. You can watch it at <a href=\"https:\/\/www.youtube.com\/watch?v=_JPCNzOsnbc\">Youtube<\/a>.<\/p>\n\n\n\n<p><strong>Sonntag, 06.10.2019<\/strong><\/p>\n\n\n\n<p class=\"has-small-font-size\">[Deutsch] Ab sofort gibt es eine Doppel-LP des Albums Heldenreich. Es gibt sie in 3 Farben. Schwarz, wei\u00df und rot. Erh\u00e4ltlich bei <a href=\"http:\/\/nervengas.com\">Nervengas Versand<\/a>. Weiterhin gibt es eine neue Split-CD mit der gro\u00dfartigen Aztecan Folk \/ Pagan Band Yaocuicatl. Revolt against a modern World. Enthalten sind 5 Songs je Band und ein bekannter Song aus dem Album Fragmente von Einst als Akkustikversion. Ihr k\u00f6nnt die CD bestellen indem Ihr uns eine E-Mail \u00fcber unser Kontaktformular sendet.<\/p>\n\n\n\n<p class=\"has-small-font-size\">[Englisch] From now, a new Double Vinyl LP of our Album Heldenreich is available in 3 colours (black, white, red). You can get your copy at <a href=\"http:\/\/nervengas.com\">Nervengas Versand<\/a>. Furthermore a split with the great Aztecan Folk\/Pagan band Yaocuicatl has been released (&#8222;Revolt Against A Modern World&#8220;). Features 5 songs each band. Included one unreleased, well known cover song in acoustic version, which was intended to be released on our full-length &#8222;Fragmente von Einst&#8220;. You may get your copy by asking us via Email.<\/p>\n\n\n\n<p><strong>Sonntag, 17.03.2019<\/strong><\/p>\n\n\n\n<p class=\"has-small-font-size\">[Deutsch] Mit gro\u00dfer Freude k\u00f6nnen wir Euch mitteilen, dass unser neues Album \u201eWerwolf Revolte\u201c ab sofort beim <a href=\"http:\/\/www.das-zeughaus.com\">Zeughaus<\/a>  erh\u00e4ltlich ist! Es gibt zwei Versionen: Eine herk\u00f6mmliche CD und eine  auf 666 Exemplare limitierte \u201eMediabook\u201c-Version mit zwei weiteren  Bonusliedern. <\/p>\n\n\n\n<p class=\"has-small-font-size\">[English] We are proud to announce our new Album \u201eWerwolf Revolte\u201c! It is available now at <a href=\"http:\/\/www.das-zeughaus.com\">Zeughaus Shop<\/a>. It comes in two different versions: jewelcase and a limited mediabook (666 copies) with two additional songs. <br><\/p>\n\n\n\n<p><strong><em>Donnerstag, 10.01.2019<\/em><\/strong><\/p>\n\n\n\n<p class=\"has-small-font-size\">[Deutsch] Das neue Layout der Nordglanz Webseite ist endlich online! Ebenso k\u00f6nnt Ihr uns jetzt auch unter www.voelkischer-schwarzmetall.de erreichen.<\/p>\n\n\n\n<p class=\"has-small-font-size\">[English]  The new layout of the Nordglanz website is finally online! In addition to that you can reach us now also with www.voelkischer-schwarzmetall.de. <\/p>\n\n\n\n<p><strong><em>Dienstag, 21.03.2017<\/em><\/strong><\/p>\n\n\n\n<p class=\"has-small-font-size\">[Deutsch]  Jetzt k\u00f6nnt ihr &#8211; wie versprochen &#8211; Details sowie Verf\u00fcgbarkeit unserer  Werke unter der Rubrik &#8220; Info -&gt; Steckbrief&#8220; einsehen. F\u00fcr sehr  detaillierte Informationen sei <a href=\"http:\/\/www.discogs.com\">www.discogs.com<\/a> als gute Quelle genannt.<\/p>\n\n\n\n<p class=\"has-small-font-size\">[Englisch]  As promised, you may find further information about our releases  concerning the availability under the column &#8222;About -&gt; Biography&#8220;.  Beside, we recommend the website <a href=\"http:\/\/www.discogs.com\">www.discogs.com<\/a> for special details.<\/p>\n\n\n\n<p class=\"has-small-font-size\">[Fran\u00e7ais]  Comme promis, vous pouvez chercher les details sur nos albums, comme  par exemple disponibilit\u00e9, sur &#8222;\u00c0 propos -&gt; Biography&#8220;. Sinon, on  vous propose <a href=\"http:\/\/www.discogs.com\">www.discogs.com<\/a> pour des d\u00e9tails profonds.<\/p>\n\n\n\n<p><strong><em>Dienstag, 08.06.2016<\/em><\/strong><\/p>\n\n\n\n<p class=\"has-small-font-size\">ES IST VOLLBRACHT, ENDLICH!!! IT IS DONE, FINALLY!!!!!! \u00c7A Y EST, ENFIN!!!!!<\/p>\n\n\n\n<p class=\"has-small-font-size\">Nach einer fast unendlichen Odyssee mit vielen Hindernissen und Stolperfallen ist es vollbracht!<br>\n\t\t\t\t\t\t\t\t\t\t\t\t\t\t\t\t\t\t\t\t\t\t\t\t\t\t\t\t\t\t\t\t\t\t\t\t\t\t\t\t\t\t\t\t\t\t\t\t\t\t\t\t\t\t\t\t\t\t\t\t\t\t\t\t\t\t\t\t\t\t\nJa, auch wir haben in den vier Jahren des leidvollen Wartens schon die \nHoffnung verloren, aber<br>\n\t\t\t\t\t\t\t\t\t\t\t\t\t\t\t\t\t\t\t\t\t\t\t\t\t\t\t\t\t\t\t\t\t\t\t\t\t\t\t\t\t\t\t\t\t\t\t\t\t\t\t\t\t\t\t\t\t\t\t\t\t\t\t\t\t\t\t\t\t\t\nnun ist sie da, und wir sind erleichtert und stolz darauf, euch endlich \ndie frohe Botschaft zu<br>\n\t\t\t\t\t\t\t\t\t\t\t\t\t\t\t\t\t\t\t\t\t\t\t\t\t\t\t\t\t\t\t\t\t\t\t\t\t\t\t\t\t\t\t\t\t\t\t\t\t\t\t\t\t\t\t\t\t\t\t\t\t\t\t\t\t\t\t\t\t\t\n\u00fcberbringen, dass die neue Nordglanz-Komposition &#8222;Das sterbende Volk&#8220; \nendlich das Licht der Welt<br>\n\t\t\t\t\t\t\t\t\t\t\t\t\t\t\t\t\t\t\t\t\t\t\t\t\t\t\t\t\t\t\t\t\t\t\t\t\t\t\t\t\t\t\t\t\t\t\t\t\t\t\t\t\t\t\t\t\t\t\t\t\t\t\t\t\t\t\t\t\t\t\nerblickt hat und f\u00fcr euch &#8211; ja f\u00fcr euch sterbende V\u00f6lker auf Erden &#8211; ab \n11.6. erh\u00e4ltlich ist!!!!<\/p>\n\n\n\n<p class=\"has-small-font-size\">Auf dem Th\u00fcringentag am 11.6. in S\u00f6mmerda habt ihr die erste Gelegenheit, das neue Werk in den<br>\n\t\t\t\t\t\t\t\t\t\t\t\t\t\t\t\t\t\t\t\t\t\t\t\t\t\t\t\t\t\t\t\t\t\t\t\t\t\t\t\t\t\t\t\t\t\t\t\t\t\t\t\t\t\t\t\t\t\t\t\t\t\t\t\t\t\t\t\t\t\t\nH\u00e4nden zu halten. Erh\u00e4ltlich als CD, Digibuch und als streng limitierte \nHolzbox. Wer nicht am<br>\n\t\t\t\t\t\t\t\t\t\t\t\t\t\t\t\t\t\t\t\t\t\t\t\t\t\t\t\t\t\t\t\t\t\t\t\t\t\t\t\t\t\t\t\t\t\t\t\t\t\t\t\t\t\t\t\t\t\t\t\t\t\t\t\t\t\t\t\t\t\t\nTh\u00fcringentag da sein kann, kann die CD beim Germania Versand bestellen. \nSoll sie euch Kraft und<br>\n\t\t\t\t\t\t\t\t\t\t\t\t\t\t\t\t\t\t\t\t\t\t\t\t\t\t\t\t\t\t\t\t\t\t\t\t\t\t\t\t\t\t\t\t\t\t\t\t\t\t\t\t\t\t\t\t\t\t\t\t\t\t\t\t\t\t\t\t\t\tMut f\u00fcr den \u00dcberlebenskampf spenden f\u00fcr d\u00fcstere Zeiten!<\/p>\n\n\n\n<p class=\"has-small-font-size\">After an endless odyssey with many traps and obstacles it\u00b4s done! Yes, we also have lost our<br>\n\t\t\t\t\t\t\t\t\t\t\t\t\t\t\t\t\t\t\t\t\t\t\t\t\t\t\t\t\t\t\t\t\t\t\t\t\t\t\t\t\t\t\t\t\t\t\t\t\t\t\t\t\t\t\t\t\t\t\t\t\t\t\t\t\t\t\t\t\t\t\nbelief in it in these long four years of woebegone waiting, but now we \nare holding it in our<br>\n\t\t\t\t\t\t\t\t\t\t\t\t\t\t\t\t\t\t\t\t\t\t\t\t\t\t\t\t\t\t\t\t\t\t\t\t\t\t\t\t\t\t\t\t\t\t\t\t\t\t\t\t\t\t\t\t\t\t\t\t\t\t\t\t\t\t\t\t\t\t\nhands and we are relieved and proud to bring forth the message that the \nnew release &#8222;Das<br>\n\t\t\t\t\t\t\t\t\t\t\t\t\t\t\t\t\t\t\t\t\t\t\t\t\t\t\t\t\t\t\t\t\t\t\t\t\t\t\t\t\t\t\t\t\t\t\t\t\t\t\t\t\t\t\t\t\t\t\t\t\t\t\t\t\t\t\t\t\t\t\nSterbende Volk&#8220; (a dying people) has attained the light of the world and\n is available on<br>\n\t\t\t\t\t\t\t\t\t\t\t\t\t\t\t\t\t\t\t\t\t\t\t\t\t\t\t\t\t\t\t\t\t\t\t\t\t\t\t\t\t\t\t\t\t\t\t\t\t\t\t\t\t\t\t\t\t\t\t\t\t\t\t\t\t\t\t\t\t\t\njune 11th for you, dying people!!! On the &#8222;Th\u00fcringentag der nationalen \nJugend&#8220; (11.6.2016), it<br>\n\t\t\t\t\t\t\t\t\t\t\t\t\t\t\t\t\t\t\t\t\t\t\t\t\t\t\t\t\t\t\t\t\t\t\t\t\t\t\t\t\t\t\t\t\t\t\t\t\t\t\t\t\t\t\t\t\t\t\t\t\t\t\t\t\t\t\t\t\t\tis\n the first opportunity to save your copy. Available as CD, digipack and \nstrictly limited<br>\n\t\t\t\t\t\t\t\t\t\t\t\t\t\t\t\t\t\t\t\t\t\t\t\t\t\t\t\t\t\t\t\t\t\t\t\t\t\t\t\t\t\t\t\t\t\t\t\t\t\t\t\t\t\t\t\t\t\t\t\t\t\t\t\t\t\t\t\t\t\t\nwooden box. For those who are not able to come, you may order it at the \nGermania Versand <br>\n\t\t\t\t\t\t\t\t\t\t\t\t\t\t\t\t\t\t\t\t\t\t\t\t\t\t\t\t\t\t\t\t\t\t\t\t\t\t\t\t\t\t\t\t\t\t\t\t\t\t\t\t\t\t\t\t\t\t\t\t\t\t\t\t\t\t\t\t\t\t\n(see link below). May it spend strength and courage in this struggle for\n survival in these <br>\n\t\t\t\t\t\t\t\t\t\t\t\t\t\t\t\t\t\t\t\t\t\t\t\t\t\t\t\t\t\t\t\t\t\t\t\t\t\t\t\t\t\t\t\t\t\t\t\t\t\t\t\t\t\t\t\t\t\t\t\t\t\t\t\t\t\t\t\t\t\tgloomy times!<\/p>\n\n\n\n<p class=\"has-small-font-size\">Apres une longue odyss\u00e9e avec beaucoup de pi\u00e8ges et d\u00b4obstacles, c\u00b4est r\u00e9ussi! Oui, nous avons <br>\n\t\t\t\t\t\t\t\t\t\t\t\t\t\t\t\t\t\t\t\t\t\t\t\t\t\t\t\t\t\t\t\t\t\t\t\t\t\t\t\t\t\t\t\t\t\t\t\t\t\t\t\t\t\t\t\t\t\t\t\t\t\t\t\t\t\t\t\t\t\t\naussi perdu l\u00b4espoir dans ces derni\u00e8res quattre ann\u00e9es d\u00b4attende pleine \nde douleur, mais<br>\n\t\t\t\t\t\t\t\t\t\t\t\t\t\t\t\t\t\t\t\t\t\t\t\t\t\t\t\t\t\t\t\t\t\t\t\t\t\t\t\t\t\t\t\t\t\t\t\t\t\t\t\t\t\t\t\t\t\t\t\t\t\t\t\t\t\t\t\t\t\t\nmaintenant, nous sommes soulag\u00e9s et content de vous remettre le message \nque la nouvelle <br>\n\t\t\t\t\t\t\t\t\t\t\t\t\t\t\t\t\t\t\t\t\t\t\t\t\t\t\t\t\t\t\t\t\t\t\t\t\t\t\t\t\t\t\t\t\t\t\t\t\t\t\t\t\t\t\t\t\t\t\t\t\t\t\t\t\t\t\t\t\t\t\ncomposition &#8222;Das sterbende Volk&#8220; (le peuple mourant) a atteind la \nlumi\u00e8re de notre monde et est<br>\n\t\t\t\t\t\t\t\t\t\t\t\t\t\t\t\t\t\t\t\t\t\t\t\t\t\t\t\t\t\t\t\t\t\t\t\t\t\t\t\t\t\t\t\t\t\t\t\t\t\t\t\t\t\t\t\t\t\t\t\t\t\t\t\t\t\t\t\t\t\t\ndisponible le 11.6. pour vous &#8211; oui pour vous moribonds!!! Vous avez la \npremi\u00e8re occasion au <br>\n\t\t\t\t\t\t\t\t\t\t\t\t\t\t\t\t\t\t\t\t\t\t\t\t\t\t\t\t\t\t\t\t\t\t\t\t\t\t\t\t\t\t\t\t\t\t\t\t\t\t\t\t\t\t\t\t\t\t\t\t\t\t\t\t\t\t\t\t\t\t\n&#8222;Th\u00fcringentag der nationalen Jugend&#8220; (11.6.2016) d\u00b4acheter le nouvel \nalbum. Disponible sur CD, <br>\n\t\t\t\t\t\t\t\t\t\t\t\t\t\t\t\t\t\t\t\t\t\t\t\t\t\t\t\t\t\t\t\t\t\t\t\t\t\t\t\t\t\t\t\t\t\t\t\t\t\t\t\t\t\t\t\t\t\t\t\t\t\t\t\t\t\t\t\t\t\t\ndigipack et boxe de bois limit\u00e9e. Pour ceux qui ne peuvent pas y \u00eatre, \nvous pouvez commander <br>\n\t\t\t\t\t\t\t\t\t\t\t\t\t\t\t\t\t\t\t\t\t\t\t\t\t\t\t\t\t\t\t\t\t\t\t\t\t\t\t\t\t\t\t\t\t\t\t\t\t\t\t\t\t\t\t\t\t\t\t\t\t\t\t\t\t\t\t\t\t\t\nl\u00b4album chez le Germania Versand (lien en bas). Que cette composition \nvous donne la force et <br>\n\t\t\t\t\t\t\t\t\t\t\t\t\t\t\t\t\t\t\t\t\t\t\t\t\t\t\t\t\t\t\t\t\t\t\t\t\t\t\t\t\t\t\t\t\t\t\t\t\t\t\t\t\t\t\t\t\t\t\t\t\t\t\t\t\t\t\t\t\t\tle\n courage dans cette lutte pour survivre dans ces temps de malice!<\/p>\n\n\n\n<p><strong><em>Dienstag, 12.05.2016<\/em><\/strong><\/p>\n\n\n\n<p class=\"has-small-font-size\">F\u00fcr  alle Sammler gibt es seit kurzer Zeit eine auf 333 St\u00fcck limitierte  Blechbox-Version des Albums Kampfhymnen Germaniens. Zu haben ist die  Scheibe unter anderem bei <a href=\"http:\/\/www.front-records.com\/\">Front Records<\/a><\/p>\n\n\n\n<p><strong><em>Dienstag, 22.03.2016<\/em><\/strong><\/p>\n\n\n\n<p class=\"has-small-font-size\">Ab sofort gibts ein neues Nordglanz Shirt. Zu erhlaten bei <a href=\"http:\/\/www.christhuntproductions.com\">www.christhuntproductions.com<\/a><\/p>\n","protected":false},"excerpt":{"rendered":"<p>Montag, 18.02.2025 [Deutsch] Neu eingetroffen. Nordglanz Leder Aufn\u00e4her in der Gr\u00f6\u00dfe 18x9cm. Erh\u00e4ltlich f\u00fcr 15\u20ac inklusive Porto und Aufkleber bei nordglanz1488@web.de [Englisch] Arrived new again! The Nordglanz leather patch. Size 18x9cm. For now the last Edition. Available for 15\u20ac including postage and sticker at\u00a0nordglanz1488@web.de Montag, 11.11.2024 [Deutsch] &#8222;Verdorrte Dornen stechen noch&#8220; ist nun auch als&#8230; <\/p>\n<div class=\"read-more navbutton\"><a href=\"https:\/\/voelkischer-schwarzmetall.de\/?page_id=11\">Read More<i class=\"fa fa-angle-double-right\"><\/i><\/a><\/div>\n","protected":false},"author":1,"featured_media":0,"parent":0,"menu_order":0,"comment_status":"closed","ping_status":"closed","template":"page-templates\/full-width.php","meta":{"footnotes":""},"class_list":["post-11","page","type-page","status-publish","hentry"],"_links":{"self":[{"href":"https:\/\/voelkischer-schwarzmetall.de\/index.php?rest_route=\/wp\/v2\/pages\/11","targetHints":{"allow":["GET"]}}],"collection":[{"href":"https:\/\/voelkischer-schwarzmetall.de\/index.php?rest_route=\/wp\/v2\/pages"}],"about":[{"href":"https:\/\/voelkischer-schwarzmetall.de\/index.php?rest_route=\/wp\/v2\/types\/page"}],"author":[{"embeddable":true,"href":"https:\/\/voelkischer-schwarzmetall.de\/index.php?rest_route=\/wp\/v2\/users\/1"}],"replies":[{"embeddable":true,"href":"https:\/\/voelkischer-schwarzmetall.de\/index.php?rest_route=%2Fwp%2Fv2%2Fcomments&post=11"}],"version-history":[{"count":14,"href":"https:\/\/voelkischer-schwarzmetall.de\/index.php?rest_route=\/wp\/v2\/pages\/11\/revisions"}],"predecessor-version":[{"id":230,"href":"https:\/\/voelkischer-schwarzmetall.de\/index.php?rest_route=\/wp\/v2\/pages\/11\/revisions\/230"}],"wp:attachment":[{"href":"https:\/\/voelkischer-schwarzmetall.de\/index.php?rest_route=%2Fwp%2Fv2%2Fmedia&parent=11"}],"curies":[{"name":"wp","href":"https:\/\/api.w.org\/{rel}","templated":true}]}}