{"id":13,"date":"2019-01-03T18:01:04","date_gmt":"2019-01-03T18:01:04","guid":{"rendered":"http:\/\/voelkischer-schwarzmetall.de\/?page_id=13"},"modified":"2023-12-28T06:08:53","modified_gmt":"2023-12-28T06:08:53","slug":"home","status":"publish","type":"page","link":"https:\/\/voelkischer-schwarzmetall.de\/","title":{"rendered":"Home"},"content":{"rendered":"\n<p style=\"text-align:center\">DEUTSCH:: Mit gro\u00dfer Freude k\u00f6nnen wir Euch mitteilen, dass unser neues Album &#8222;Verdorrte Dornen stechen noch&#8220; ab sofort beim <a href=\"http:\/\/www.das-zeughaus.com\">Zeughaus<\/a> erh\u00e4ltlich ist! <\/p>\n\n\n\n<p style=\"text-align:center\">ENGLISH:: We are proud to announce our new Album &#8222;Verdorrte Dornen stechen noch&#8220;! It is available now at <a href=\"http:\/\/www.das-zeughaus.com\">Zeughaus Shop<\/a>. <\/p>\n\n\n\n<div class=\"wp-block-image\"><figure class=\"aligncenter is-resized\"><img loading=\"lazy\" decoding=\"async\" src=\"https:\/\/voelkischer-schwarzmetall.de\/wp-content\/uploads\/2023\/12\/2cdbb440-563c-4f17-987c-3be684399cb2.jpg\" alt=\"\" class=\"wp-image-191\" width=\"364\" height=\"364\" srcset=\"https:\/\/voelkischer-schwarzmetall.de\/wp-content\/uploads\/2023\/12\/2cdbb440-563c-4f17-987c-3be684399cb2.jpg 714w, https:\/\/voelkischer-schwarzmetall.de\/wp-content\/uploads\/2023\/12\/2cdbb440-563c-4f17-987c-3be684399cb2-150x150.jpg 150w, https:\/\/voelkischer-schwarzmetall.de\/wp-content\/uploads\/2023\/12\/2cdbb440-563c-4f17-987c-3be684399cb2-300x300.jpg 300w\" sizes=\"auto, (max-width: 364px) 100vw, 364px\" \/><figcaption> <br>Erschienen bei <strong>Das Zeughaus<\/strong>: Hier das l\u00e4ngst erwartete Vollalbum der Schwarzmetaller aus dem deutschen Reich. Der Albumtitel \u201eVerdorrte Dornen stechen noch\u201c ist dabei Programm, denn sowohl textlich, als auch musikalisch sticht dieses Album tief in das Fleisch des V\u00f6lkerfeindes. Auf 57 Minuten Spielzeit h\u00f6rt man von Njord und seinen Mannen auch dieses Mal Instrumente, wie Geige, Kontrabass und Klavier. Dabei wird allerdings von ihrem allseits bekannten Schwarzmetall nat\u00fcrlich nicht abgewichen. Grafisch ist das Ganze absolut klasse gestaltet und so bekommt ihr auf zwanzig Seiten ein gelungenes Beiheft zu sehen.<br><strong>Exklusiv bei uns gibt es noch zu jeder CD einen Nordglanz-Aufkleber dazu (nur solange der Vorrat reicht!)<\/strong><br>H\u00f6rproben findet ihr auf unserem Telegram Kanal <br><br> <br><strong>ENGLISH::<\/strong>  Published by Das Zeughaus: Here is the long-awaited full album from the black metal band from the german empire. The albmum title &#8222;Verdorrte Dornen stechen noch&#8220; says it all, because both lyrically and musically this album pierces deeply into the flesh of the enemy of the people. During the 57-minute playing time, you can once again hear Njord and his men playing instruments such as violin, double bass and piano. Of course, there is no deviation from their well-known black metal. Graphically, the whole thing is designed absolutely brilliantly and so you get a twenty pages booklet.<br>Exclusive at Zeughaus Shop, every CD comes with a Nordglanz sticker (only while stocks last!).<br>You can find audio samples on our Telegram channel.<\/figcaption><\/figure><\/div>\n\n\n\n<div class=\"wp-block-image\"><figure class=\"aligncenter is-resized\"><img loading=\"lazy\" decoding=\"async\" src=\"https:\/\/voelkischer-schwarzmetall.de\/wp-content\/uploads\/2023\/12\/38a70298-ea0f-489e-acb7-9a8e2cfd7374-1024x1024.jpg\" alt=\"\" class=\"wp-image-192\" width=\"329\" height=\"329\" srcset=\"https:\/\/voelkischer-schwarzmetall.de\/wp-content\/uploads\/2023\/12\/38a70298-ea0f-489e-acb7-9a8e2cfd7374-1024x1024.jpg 1024w, https:\/\/voelkischer-schwarzmetall.de\/wp-content\/uploads\/2023\/12\/38a70298-ea0f-489e-acb7-9a8e2cfd7374-150x150.jpg 150w, https:\/\/voelkischer-schwarzmetall.de\/wp-content\/uploads\/2023\/12\/38a70298-ea0f-489e-acb7-9a8e2cfd7374-300x300.jpg 300w, https:\/\/voelkischer-schwarzmetall.de\/wp-content\/uploads\/2023\/12\/38a70298-ea0f-489e-acb7-9a8e2cfd7374-768x768.jpg 768w, https:\/\/voelkischer-schwarzmetall.de\/wp-content\/uploads\/2023\/12\/38a70298-ea0f-489e-acb7-9a8e2cfd7374.jpg 1207w\" sizes=\"auto, (max-width: 329px) 100vw, 329px\" \/><figcaption> <br>Neben der normalen Version gibt es hier noch ein auf 444 St\u00fcck limitiertes Mediabuch mit der aktuellen CD + einer DVD, welche ein Livekonzert in der Ukraine beinhaltet. Das Ganze kommt mit 24-seitigem Beiheft, ist handnummeriert und eingeschwei\u00dft.<br><br><strong>ENGLISH:: <\/strong> In addition to the normal version, there is also a media book limited to 444 copies with the current CD + a DVD, which contains a live concert in Ukraine. The whole thing comes with a 24-page booklet, is hand-numbered and shrink-wrapped. <\/figcaption><\/figure><\/div>\n\n\n\n<div class=\"wp-block-image\"><figure class=\"aligncenter is-resized\"><img loading=\"lazy\" decoding=\"async\" src=\"https:\/\/voelkischer-schwarzmetall.de\/wp-content\/uploads\/2023\/12\/676f6a3d-e520-4c99-9c7d-1d1eea6eacbf-1024x631.jpg\" alt=\"\" class=\"wp-image-203\" width=\"451\" height=\"278\" srcset=\"https:\/\/voelkischer-schwarzmetall.de\/wp-content\/uploads\/2023\/12\/676f6a3d-e520-4c99-9c7d-1d1eea6eacbf-1024x631.jpg 1024w, https:\/\/voelkischer-schwarzmetall.de\/wp-content\/uploads\/2023\/12\/676f6a3d-e520-4c99-9c7d-1d1eea6eacbf-300x185.jpg 300w, https:\/\/voelkischer-schwarzmetall.de\/wp-content\/uploads\/2023\/12\/676f6a3d-e520-4c99-9c7d-1d1eea6eacbf-768x473.jpg 768w, https:\/\/voelkischer-schwarzmetall.de\/wp-content\/uploads\/2023\/12\/676f6a3d-e520-4c99-9c7d-1d1eea6eacbf.jpg 1280w\" sizes=\"auto, (max-width: 451px) 100vw, 451px\" \/><figcaption>We have a new Shirt!!! Available at Das Zeughaus.<\/figcaption><\/figure><\/div>\n\n\n\n<figure class=\"wp-block-image\"><img loading=\"lazy\" decoding=\"async\" width=\"752\" height=\"498\" src=\"https:\/\/voelkischer-schwarzmetall.de\/wp-content\/uploads\/2023\/12\/2023-12-28-06_54_48-Dokument1-Word.jpg\" alt=\"\" class=\"wp-image-210\" srcset=\"https:\/\/voelkischer-schwarzmetall.de\/wp-content\/uploads\/2023\/12\/2023-12-28-06_54_48-Dokument1-Word.jpg 752w, https:\/\/voelkischer-schwarzmetall.de\/wp-content\/uploads\/2023\/12\/2023-12-28-06_54_48-Dokument1-Word-300x199.jpg 300w\" sizes=\"auto, (max-width: 752px) 100vw, 752px\" \/><figcaption>We have another shirt&#8230; <\/figcaption><\/figure>\n\n\n\n<p><\/p>\n","protected":false},"excerpt":{"rendered":"<p>DEUTSCH:: Mit gro\u00dfer Freude k\u00f6nnen wir Euch mitteilen, dass unser neues Album &#8222;Verdorrte Dornen stechen noch&#8220; ab sofort beim Zeughaus erh\u00e4ltlich ist! ENGLISH:: We are proud to announce our new Album &#8222;Verdorrte Dornen stechen noch&#8220;! It is available now at Zeughaus Shop. Erschienen bei Das Zeughaus: Hier das l\u00e4ngst erwartete Vollalbum der Schwarzmetaller aus dem&#8230; <\/p>\n<div class=\"read-more navbutton\"><a href=\"https:\/\/voelkischer-schwarzmetall.de\/\">Read More<i class=\"fa fa-angle-double-right\"><\/i><\/a><\/div>\n","protected":false},"author":1,"featured_media":0,"parent":0,"menu_order":0,"comment_status":"closed","ping_status":"closed","template":"page-templates\/full-width.php","meta":{"footnotes":""},"class_list":["post-13","page","type-page","status-publish","hentry"],"_links":{"self":[{"href":"https:\/\/voelkischer-schwarzmetall.de\/index.php?rest_route=\/wp\/v2\/pages\/13","targetHints":{"allow":["GET"]}}],"collection":[{"href":"https:\/\/voelkischer-schwarzmetall.de\/index.php?rest_route=\/wp\/v2\/pages"}],"about":[{"href":"https:\/\/voelkischer-schwarzmetall.de\/index.php?rest_route=\/wp\/v2\/types\/page"}],"author":[{"embeddable":true,"href":"https:\/\/voelkischer-schwarzmetall.de\/index.php?rest_route=\/wp\/v2\/users\/1"}],"replies":[{"embeddable":true,"href":"https:\/\/voelkischer-schwarzmetall.de\/index.php?rest_route=%2Fwp%2Fv2%2Fcomments&post=13"}],"version-history":[{"count":20,"href":"https:\/\/voelkischer-schwarzmetall.de\/index.php?rest_route=\/wp\/v2\/pages\/13\/revisions"}],"predecessor-version":[{"id":212,"href":"https:\/\/voelkischer-schwarzmetall.de\/index.php?rest_route=\/wp\/v2\/pages\/13\/revisions\/212"}],"wp:attachment":[{"href":"https:\/\/voelkischer-schwarzmetall.de\/index.php?rest_route=%2Fwp%2Fv2%2Fmedia&parent=13"}],"curies":[{"name":"wp","href":"https:\/\/api.w.org\/{rel}","templated":true}]}}